{"id":3218,"date":"2022-03-21T15:29:34","date_gmt":"2022-03-21T14:29:34","guid":{"rendered":"https:\/\/grupo-organistrum.com\/simposios\/"},"modified":"2022-06-13T13:31:32","modified_gmt":"2022-06-13T11:31:32","slug":"simposios","status":"publish","type":"page","link":"https:\/\/grupo-organistrum.com\/gl\/simposios\/","title":{"rendered":"Simposios"},"content":{"rendered":"\t\t<div data-elementor-type=\"wp-page\" data-elementor-id=\"3218\" class=\"elementor elementor-3218 elementor-2990\" data-elementor-post-type=\"page\">\n\t\t\t\t\t\t<section class=\"elementor-section elementor-top-section elementor-element elementor-element-62e5447 elementor-section-boxed elementor-section-height-default elementor-section-height-default\" data-id=\"62e5447\" data-element_type=\"section\">\n\t\t\t\t\t\t<div class=\"elementor-container elementor-column-gap-default\">\n\t\t\t\t\t<div class=\"elementor-column elementor-col-100 elementor-top-column elementor-element elementor-element-419f132\" data-id=\"419f132\" data-element_type=\"column\">\n\t\t\t<div class=\"elementor-widget-wrap elementor-element-populated\">\n\t\t\t\t\t\t<div class=\"elementor-element elementor-element-3775a42 organistrum-underline elementor-widget elementor-widget-heading\" data-id=\"3775a42\" data-element_type=\"widget\" data-widget_type=\"heading.default\">\n\t\t\t\t<div class=\"elementor-widget-container\">\n\t\t\t\t\t<h1 class=\"elementor-heading-title elementor-size-default\"><span>Simposios<\/span><\/h1>\t\t\t\t<\/div>\n\t\t\t\t<\/div>\n\t\t\t\t<div class=\"elementor-element elementor-element-2bfa38d elementor-invisible elementor-widget elementor-widget-text-editor\" data-id=\"2bfa38d\" data-element_type=\"widget\" data-settings=\"{&quot;_animation&quot;:&quot;fadeInDown&quot;}\" data-widget_type=\"text-editor.default\">\n\t\t\t\t<div class=\"elementor-widget-container\">\n\t\t\t\t\t\t\t\t\t<p>Invit\u00e1moste a co\u00f1ecer os diferentes Simposios que, dende o Grupo Organistrum, vimos realizando ao longo destes anos, as\u00ed como as publicaci\u00f3ns dos seus membros, alg\u00fans das cales poden ser descargadas dende a web.<\/p>\t\t\t\t\t\t\t\t<\/div>\n\t\t\t\t<\/div>\n\t\t\t\t<div class=\"elementor-element elementor-element-941fb1a simposios-entradas elementor-posts--thumbnail-top elementor-grid-3 elementor-grid-tablet-2 elementor-grid-mobile-1 elementor-invisible elementor-widget elementor-widget-posts\" data-id=\"941fb1a\" data-element_type=\"widget\" data-settings=\"{&quot;_animation&quot;:&quot;fadeIn&quot;,&quot;_animation_delay&quot;:100,&quot;custom_columns&quot;:&quot;3&quot;,&quot;custom_columns_tablet&quot;:&quot;2&quot;,&quot;custom_columns_mobile&quot;:&quot;1&quot;,&quot;custom_row_gap&quot;:{&quot;unit&quot;:&quot;px&quot;,&quot;size&quot;:35,&quot;sizes&quot;:[]},&quot;custom_row_gap_tablet&quot;:{&quot;unit&quot;:&quot;px&quot;,&quot;size&quot;:&quot;&quot;,&quot;sizes&quot;:[]},&quot;custom_row_gap_mobile&quot;:{&quot;unit&quot;:&quot;px&quot;,&quot;size&quot;:&quot;&quot;,&quot;sizes&quot;:[]}}\" data-widget_type=\"posts.custom\">\n\t\t\t\t<div class=\"elementor-widget-container\">\n\t\t\t\t\t      <div class=\"ecs-posts elementor-posts-container elementor-posts   elementor-grid elementor-posts--skin-custom\" data-settings=\"{&quot;current_page&quot;:1,&quot;max_num_pages&quot;:1,&quot;load_method&quot;:&quot;&quot;,&quot;widget_id&quot;:&quot;941fb1a&quot;,&quot;post_id&quot;:3218,&quot;theme_id&quot;:3218,&quot;change_url&quot;:false,&quot;reinit_js&quot;:false}\">\n      \t\t<article id=\"post-7790\" class=\"elementor-post elementor-grid-item ecs-post-loop post-7790 simposios type-simposios status-publish has-post-thumbnail hentry\">\n\t\t\t\t<div data-elementor-type=\"loop\" data-elementor-id=\"3811\" class=\"elementor elementor-3811 post-7790 simposios type-simposios status-publish has-post-thumbnail hentry\" data-elementor-post-type=\"elementor_library\">\n\t\t\t\t\t<section class=\"elementor-section elementor-top-section elementor-element elementor-element-5da9883 elementor-section-height-min-height elementor-section-items-stretch elementor-section-boxed elementor-section-height-default\" data-id=\"5da9883\" data-element_type=\"section\">\n\t\t\t\t\t\t<div class=\"elementor-container elementor-column-gap-default\">\n\t\t\t<style>#post-7790 .elementor-3811 .elementor-element.elementor-element-8f79a38:not(.elementor-motion-effects-element-type-background) > .elementor-widget-wrap, #post-7790 .elementor-3811 .elementor-element.elementor-element-8f79a38 > .elementor-widget-wrap > .elementor-motion-effects-container > .elementor-motion-effects-layer{background-image: url(\"https:\/\/grupo-organistrum.com\/wp-content\/uploads\/2022\/05\/simposio-o-son-da-pedra.jpg\");}<\/style>\t\t<div class=\"elementor-column elementor-col-100 elementor-top-column elementor-element elementor-element-8f79a38\" data-id=\"8f79a38\" data-element_type=\"column\" data-settings=\"{&quot;background_background&quot;:&quot;classic&quot;}\">\n\t\t\t<div class=\"elementor-widget-wrap elementor-element-populated\">\n\t\t\t\t\t<div class=\"elementor-background-overlay\"><\/div>\n\t\t\t\t\t\t<div class=\"elementor-element elementor-element-fbe48a5 elementor-widget elementor-widget-theme-post-title elementor-page-title elementor-widget-heading\" data-id=\"fbe48a5\" data-element_type=\"widget\" data-widget_type=\"theme-post-title.default\">\n\t\t\t\t<div class=\"elementor-widget-container\">\n\t\t\t\t\t<h2 class=\"elementor-heading-title elementor-size-default\"><a href=\"https:\/\/grupo-organistrum.com\/gl\/simposios\/os-sons-da-pedra-o-ronsel-do-mestre-mateo\/\">Os sons da Pedra O ronsel do Mestre Mateo<\/a><\/h2>\t\t\t\t<\/div>\n\t\t\t\t<\/div>\n\t\t\t\t\t<\/div>\n\t\t<\/div>\n\t\t\t\t\t<\/div>\n\t\t<\/section>\n\t\t\t\t<\/div>\n\t\t\t\t<\/article>\n\t\t\t\t<article id=\"post-7789\" class=\"elementor-post elementor-grid-item ecs-post-loop post-7789 simposios type-simposios status-publish has-post-thumbnail hentry\">\n\t\t\t\t<div data-elementor-type=\"loop\" data-elementor-id=\"3811\" class=\"elementor elementor-3811 post-7789 simposios type-simposios status-publish has-post-thumbnail hentry\" data-elementor-post-type=\"elementor_library\">\n\t\t\t\t\t<section class=\"elementor-section elementor-top-section elementor-element elementor-element-5da9883 elementor-section-height-min-height elementor-section-items-stretch elementor-section-boxed elementor-section-height-default\" data-id=\"5da9883\" data-element_type=\"section\">\n\t\t\t\t\t\t<div class=\"elementor-container elementor-column-gap-default\">\n\t\t\t<style>#post-7789 .elementor-3811 .elementor-element.elementor-element-8f79a38:not(.elementor-motion-effects-element-type-background) > .elementor-widget-wrap, #post-7789 .elementor-3811 .elementor-element.elementor-element-8f79a38 > .elementor-widget-wrap > .elementor-motion-effects-container > .elementor-motion-effects-layer{background-image: url(\"https:\/\/grupo-organistrum.com\/wp-content\/uploads\/2022\/02\/Cartel-congreso-A3-1.png\");}<\/style>\t\t<div class=\"elementor-column elementor-col-100 elementor-top-column elementor-element elementor-element-8f79a38\" data-id=\"8f79a38\" data-element_type=\"column\" data-settings=\"{&quot;background_background&quot;:&quot;classic&quot;}\">\n\t\t\t<div class=\"elementor-widget-wrap elementor-element-populated\">\n\t\t\t\t\t<div class=\"elementor-background-overlay\"><\/div>\n\t\t\t\t\t\t<div class=\"elementor-element elementor-element-fbe48a5 elementor-widget elementor-widget-theme-post-title elementor-page-title elementor-widget-heading\" data-id=\"fbe48a5\" data-element_type=\"widget\" data-widget_type=\"theme-post-title.default\">\n\t\t\t\t<div class=\"elementor-widget-container\">\n\t\t\t\t\t<h2 class=\"elementor-heading-title elementor-size-default\"><a href=\"https:\/\/grupo-organistrum.com\/gl\/simposios\/musicas-iberoamericanas-caminos-redes-y-circuitos-iii-congreso-internacional-musam\/\">M\u00fasicas Iberoamericanas: cami\u00f1os, redes e circuitos. III Congreso Internacional MUSAM<\/a><\/h2>\t\t\t\t<\/div>\n\t\t\t\t<\/div>\n\t\t\t\t\t<\/div>\n\t\t<\/div>\n\t\t\t\t\t<\/div>\n\t\t<\/section>\n\t\t\t\t<\/div>\n\t\t\t\t<\/article>\n\t\t\t\t<article id=\"post-7788\" class=\"elementor-post elementor-grid-item ecs-post-loop post-7788 simposios type-simposios status-publish has-post-thumbnail hentry\">\n\t\t\t\t<div data-elementor-type=\"loop\" data-elementor-id=\"3811\" class=\"elementor elementor-3811 post-7788 simposios type-simposios status-publish has-post-thumbnail hentry\" data-elementor-post-type=\"elementor_library\">\n\t\t\t\t\t<section class=\"elementor-section elementor-top-section elementor-element elementor-element-5da9883 elementor-section-height-min-height elementor-section-items-stretch elementor-section-boxed elementor-section-height-default\" data-id=\"5da9883\" data-element_type=\"section\">\n\t\t\t\t\t\t<div class=\"elementor-container elementor-column-gap-default\">\n\t\t\t<style>#post-7788 .elementor-3811 .elementor-element.elementor-element-8f79a38:not(.elementor-motion-effects-element-type-background) > .elementor-widget-wrap, #post-7788 .elementor-3811 .elementor-element.elementor-element-8f79a38 > .elementor-widget-wrap > .elementor-motion-effects-container > .elementor-motion-effects-layer{background-image: url(\"https:\/\/grupo-organistrum.com\/wp-content\/uploads\/2022\/03\/Simposio-GALEGO-4_Pagina_1-768x1087-1.jpg\");}<\/style>\t\t<div class=\"elementor-column elementor-col-100 elementor-top-column elementor-element elementor-element-8f79a38\" data-id=\"8f79a38\" data-element_type=\"column\" data-settings=\"{&quot;background_background&quot;:&quot;classic&quot;}\">\n\t\t\t<div class=\"elementor-widget-wrap elementor-element-populated\">\n\t\t\t\t\t<div class=\"elementor-background-overlay\"><\/div>\n\t\t\t\t\t\t<div class=\"elementor-element elementor-element-fbe48a5 elementor-widget elementor-widget-theme-post-title elementor-page-title elementor-widget-heading\" data-id=\"fbe48a5\" data-element_type=\"widget\" data-widget_type=\"theme-post-title.default\">\n\t\t\t\t<div class=\"elementor-widget-container\">\n\t\t\t\t\t<h2 class=\"elementor-heading-title elementor-size-default\"><a href=\"https:\/\/grupo-organistrum.com\/gl\/simposios\/o-espello-de-galicia-en-america-ideoloxia-emigracion-e-exilio-1875-1951\/\">O espello de Galicia en Am\u00e9rica: ideolox\u00eda, emigraci\u00f3n e exilio (1875-1951)<\/a><\/h2>\t\t\t\t<\/div>\n\t\t\t\t<\/div>\n\t\t\t\t\t<\/div>\n\t\t<\/div>\n\t\t\t\t\t<\/div>\n\t\t<\/section>\n\t\t\t\t<\/div>\n\t\t\t\t<\/article>\n\t\t\t\t<article id=\"post-7787\" class=\"elementor-post elementor-grid-item ecs-post-loop post-7787 simposios type-simposios status-publish has-post-thumbnail hentry\">\n\t\t\t\t<div data-elementor-type=\"loop\" data-elementor-id=\"3811\" class=\"elementor elementor-3811 post-7787 simposios type-simposios status-publish has-post-thumbnail hentry\" data-elementor-post-type=\"elementor_library\">\n\t\t\t\t\t<section class=\"elementor-section elementor-top-section elementor-element elementor-element-5da9883 elementor-section-height-min-height elementor-section-items-stretch elementor-section-boxed elementor-section-height-default\" data-id=\"5da9883\" data-element_type=\"section\">\n\t\t\t\t\t\t<div class=\"elementor-container elementor-column-gap-default\">\n\t\t\t<style>#post-7787 .elementor-3811 .elementor-element.elementor-element-8f79a38:not(.elementor-motion-effects-element-type-background) > .elementor-widget-wrap, #post-7787 .elementor-3811 .elementor-element.elementor-element-8f79a38 > .elementor-widget-wrap > .elementor-motion-effects-container > .elementor-motion-effects-layer{background-image: url(\"https:\/\/grupo-organistrum.com\/wp-content\/uploads\/2022\/03\/simposio-redes-contacto-2016.jpg\");}<\/style>\t\t<div class=\"elementor-column elementor-col-100 elementor-top-column elementor-element elementor-element-8f79a38\" data-id=\"8f79a38\" data-element_type=\"column\" data-settings=\"{&quot;background_background&quot;:&quot;classic&quot;}\">\n\t\t\t<div class=\"elementor-widget-wrap elementor-element-populated\">\n\t\t\t\t\t<div class=\"elementor-background-overlay\"><\/div>\n\t\t\t\t\t\t<div class=\"elementor-element elementor-element-fbe48a5 elementor-widget elementor-widget-theme-post-title elementor-page-title elementor-widget-heading\" data-id=\"fbe48a5\" data-element_type=\"widget\" data-widget_type=\"theme-post-title.default\">\n\t\t\t\t<div class=\"elementor-widget-container\">\n\t\t\t\t\t<h2 class=\"elementor-heading-title elementor-size-default\"><a href=\"https:\/\/grupo-organistrum.com\/gl\/simposios\/redes-de-contacto-entre-musicos-literatos-e-ideologos-en-la-galicia-del-eje-atlantico-1875-1951\/\">Redes de contacto entre m\u00fasicos, literatos e ide\u00f3logos na Galicia do Eje Atl\u00e1ntico (1875-1951)<\/a><\/h2>\t\t\t\t<\/div>\n\t\t\t\t<\/div>\n\t\t\t\t\t<\/div>\n\t\t<\/div>\n\t\t\t\t\t<\/div>\n\t\t<\/section>\n\t\t\t\t<\/div>\n\t\t\t\t<\/article>\n\t\t\t\t<article id=\"post-7786\" class=\"elementor-post elementor-grid-item ecs-post-loop post-7786 simposios type-simposios status-publish has-post-thumbnail hentry\">\n\t\t\t\t<div data-elementor-type=\"loop\" data-elementor-id=\"3811\" class=\"elementor elementor-3811 post-7786 simposios type-simposios status-publish has-post-thumbnail hentry\" data-elementor-post-type=\"elementor_library\">\n\t\t\t\t\t<section class=\"elementor-section elementor-top-section elementor-element elementor-element-5da9883 elementor-section-height-min-height elementor-section-items-stretch elementor-section-boxed elementor-section-height-default\" data-id=\"5da9883\" data-element_type=\"section\">\n\t\t\t\t\t\t<div class=\"elementor-container elementor-column-gap-default\">\n\t\t\t<style>#post-7786 .elementor-3811 .elementor-element.elementor-element-8f79a38:not(.elementor-motion-effects-element-type-background) > .elementor-widget-wrap, #post-7786 .elementor-3811 .elementor-element.elementor-element-8f79a38 > .elementor-widget-wrap > .elementor-motion-effects-container > .elementor-motion-effects-layer{background-image: url(\"https:\/\/grupo-organistrum.com\/wp-content\/uploads\/2022\/03\/cartel-simposio-2014-1.jpg\");}<\/style>\t\t<div class=\"elementor-column elementor-col-100 elementor-top-column elementor-element elementor-element-8f79a38\" data-id=\"8f79a38\" data-element_type=\"column\" data-settings=\"{&quot;background_background&quot;:&quot;classic&quot;}\">\n\t\t\t<div class=\"elementor-widget-wrap elementor-element-populated\">\n\t\t\t\t\t<div class=\"elementor-background-overlay\"><\/div>\n\t\t\t\t\t\t<div class=\"elementor-element elementor-element-fbe48a5 elementor-widget elementor-widget-theme-post-title elementor-page-title elementor-widget-heading\" data-id=\"fbe48a5\" data-element_type=\"widget\" data-widget_type=\"theme-post-title.default\">\n\t\t\t\t<div class=\"elementor-widget-container\">\n\t\t\t\t\t<h2 class=\"elementor-heading-title elementor-size-default\"><a href=\"https:\/\/grupo-organistrum.com\/gl\/simposios\/victor-said-armesto-y-su-tiempo-1871-1914\/\">V\u00edctor Said Armesto e o seu tempo (1871-1914)<\/a><\/h2>\t\t\t\t<\/div>\n\t\t\t\t<\/div>\n\t\t\t\t\t<\/div>\n\t\t<\/div>\n\t\t\t\t\t<\/div>\n\t\t<\/section>\n\t\t\t\t<\/div>\n\t\t\t\t<\/article>\n\t\t\t\t<article id=\"post-7785\" class=\"elementor-post elementor-grid-item ecs-post-loop post-7785 simposios type-simposios status-publish has-post-thumbnail hentry\">\n\t\t\t\t<div data-elementor-type=\"loop\" data-elementor-id=\"3811\" class=\"elementor elementor-3811 post-7785 simposios type-simposios status-publish has-post-thumbnail hentry\" data-elementor-post-type=\"elementor_library\">\n\t\t\t\t\t<section class=\"elementor-section elementor-top-section elementor-element elementor-element-5da9883 elementor-section-height-min-height elementor-section-items-stretch elementor-section-boxed elementor-section-height-default\" data-id=\"5da9883\" data-element_type=\"section\">\n\t\t\t\t\t\t<div class=\"elementor-container elementor-column-gap-default\">\n\t\t\t<style>#post-7785 .elementor-3811 .elementor-element.elementor-element-8f79a38:not(.elementor-motion-effects-element-type-background) > .elementor-widget-wrap, #post-7785 .elementor-3811 .elementor-element.elementor-element-8f79a38 > .elementor-widget-wrap > .elementor-motion-effects-container > .elementor-motion-effects-layer{background-image: url(\"https:\/\/grupo-organistrum.com\/wp-content\/uploads\/2022\/03\/cartel-simposio-2011.jpg\");}<\/style>\t\t<div class=\"elementor-column elementor-col-100 elementor-top-column elementor-element elementor-element-8f79a38\" data-id=\"8f79a38\" data-element_type=\"column\" data-settings=\"{&quot;background_background&quot;:&quot;classic&quot;}\">\n\t\t\t<div class=\"elementor-widget-wrap elementor-element-populated\">\n\t\t\t\t\t<div class=\"elementor-background-overlay\"><\/div>\n\t\t\t\t\t\t<div class=\"elementor-element elementor-element-fbe48a5 elementor-widget elementor-widget-theme-post-title elementor-page-title elementor-widget-heading\" data-id=\"fbe48a5\" data-element_type=\"widget\" data-widget_type=\"theme-post-title.default\">\n\t\t\t\t<div class=\"elementor-widget-container\">\n\t\t\t\t\t<h2 class=\"elementor-heading-title elementor-size-default\"><a href=\"https:\/\/grupo-organistrum.com\/gl\/simposios\/os-sonos-da-memoria\/\">Documentaci\u00f3n musical en Galicia: Metodolox\u00edas para o estudo e difusi\u00f3n<\/a><\/h2>\t\t\t\t<\/div>\n\t\t\t\t<\/div>\n\t\t\t\t\t<\/div>\n\t\t<\/div>\n\t\t\t\t\t<\/div>\n\t\t<\/section>\n\t\t\t\t<\/div>\n\t\t\t\t<\/article>\n\t\t\t\t<\/div>\n\t\t\t\t\t\t<\/div>\n\t\t\t\t<\/div>\n\t\t\t\t\t<\/div>\n\t\t<\/div>\n\t\t\t\t\t<\/div>\n\t\t<\/section>\n\t\t\t\t<\/div>\n\t\t","protected":false},"excerpt":{"rendered":"<p>Simposios Invit\u00e1moste a co\u00f1ecer os diferentes Simposios que, dende o Grupo Organistrum, vimos realizando ao longo destes anos, as\u00ed como as publicaci\u00f3ns dos seus membros, alg\u00fans das cales poden ser descargadas dende a web.<\/p>\n","protected":false},"author":1,"featured_media":0,"parent":0,"menu_order":0,"comment_status":"closed","ping_status":"closed","template":"","meta":{"_acf_changed":false,"footnotes":""},"class_list":["post-3218","page","type-page","status-publish","hentry"],"acf":[],"yoast_head":"<!-- This site is optimized with the Yoast SEO plugin v25.2 - https:\/\/yoast.com\/wordpress\/plugins\/seo\/ -->\n<title>Simposios - Organistrum<\/title>\n<meta name=\"robots\" content=\"index, follow, max-snippet:-1, max-image-preview:large, max-video-preview:-1\" \/>\n<link rel=\"canonical\" href=\"https:\/\/grupo-organistrum.com\/gl\/simposios\/\" \/>\n<meta property=\"og:locale\" content=\"gl_ES\" \/>\n<meta property=\"og:type\" content=\"article\" \/>\n<meta property=\"og:title\" content=\"Simposios - Organistrum\" \/>\n<meta property=\"og:description\" content=\"Simposios Invit\u00e1moste a co\u00f1ecer os diferentes Simposios que, dende o Grupo Organistrum, vimos realizando ao longo destes anos, as\u00ed como as publicaci\u00f3ns dos seus membros, alg\u00fans das cales poden ser descargadas dende a web.\" \/>\n<meta property=\"og:url\" content=\"https:\/\/grupo-organistrum.com\/gl\/simposios\/\" \/>\n<meta property=\"og:site_name\" content=\"Organistrum\" \/>\n<meta property=\"article:modified_time\" content=\"2022-06-13T11:31:32+00:00\" \/>\n<meta name=\"twitter:card\" content=\"summary_large_image\" \/>\n<script type=\"application\/ld+json\" class=\"yoast-schema-graph\">{\"@context\":\"https:\/\/schema.org\",\"@graph\":[{\"@type\":\"WebPage\",\"@id\":\"https:\/\/grupo-organistrum.com\/gl\/simposios\/\",\"url\":\"https:\/\/grupo-organistrum.com\/gl\/simposios\/\",\"name\":\"Simposios - Organistrum\",\"isPartOf\":{\"@id\":\"https:\/\/grupo-organistrum.com\/gl\/#website\"},\"datePublished\":\"2022-03-21T14:29:34+00:00\",\"dateModified\":\"2022-06-13T11:31:32+00:00\",\"breadcrumb\":{\"@id\":\"https:\/\/grupo-organistrum.com\/gl\/simposios\/#breadcrumb\"},\"inLanguage\":\"gl-ES\",\"potentialAction\":[{\"@type\":\"ReadAction\",\"target\":[\"https:\/\/grupo-organistrum.com\/gl\/simposios\/\"]}]},{\"@type\":\"BreadcrumbList\",\"@id\":\"https:\/\/grupo-organistrum.com\/gl\/simposios\/#breadcrumb\",\"itemListElement\":[{\"@type\":\"ListItem\",\"position\":1,\"name\":\"Portada\",\"item\":\"https:\/\/grupo-organistrum.com\/gl\/\"},{\"@type\":\"ListItem\",\"position\":2,\"name\":\"Simposios\"}]},{\"@type\":\"WebSite\",\"@id\":\"https:\/\/grupo-organistrum.com\/gl\/#website\",\"url\":\"https:\/\/grupo-organistrum.com\/gl\/\",\"name\":\"Organistrum\",\"description\":\"Grupo de Investigaci\u00f3n\",\"publisher\":{\"@id\":\"https:\/\/grupo-organistrum.com\/gl\/#organization\"},\"potentialAction\":[{\"@type\":\"SearchAction\",\"target\":{\"@type\":\"EntryPoint\",\"urlTemplate\":\"https:\/\/grupo-organistrum.com\/gl\/?s={search_term_string}\"},\"query-input\":{\"@type\":\"PropertyValueSpecification\",\"valueRequired\":true,\"valueName\":\"search_term_string\"}}],\"inLanguage\":\"gl-ES\"},{\"@type\":\"Organization\",\"@id\":\"https:\/\/grupo-organistrum.com\/gl\/#organization\",\"name\":\"Grupo Organistrum | Grupo de investigaci\u00f3n | GI-2025\",\"url\":\"https:\/\/grupo-organistrum.com\/gl\/\",\"logo\":{\"@type\":\"ImageObject\",\"inLanguage\":\"gl-ES\",\"@id\":\"https:\/\/grupo-organistrum.com\/gl\/#\/schema\/logo\/image\/\",\"url\":\"https:\/\/grupo-organistrum.com\/wp-content\/uploads\/2022\/02\/logo.png\",\"contentUrl\":\"https:\/\/grupo-organistrum.com\/wp-content\/uploads\/2022\/02\/logo.png\",\"width\":464,\"height\":103,\"caption\":\"Grupo Organistrum | Grupo de investigaci\u00f3n | GI-2025\"},\"image\":{\"@id\":\"https:\/\/grupo-organistrum.com\/gl\/#\/schema\/logo\/image\/\"}}]}<\/script>\n<!-- \/ Yoast SEO plugin. -->","yoast_head_json":{"title":"Simposios - Organistrum","robots":{"index":"index","follow":"follow","max-snippet":"max-snippet:-1","max-image-preview":"max-image-preview:large","max-video-preview":"max-video-preview:-1"},"canonical":"https:\/\/grupo-organistrum.com\/gl\/simposios\/","og_locale":"gl_ES","og_type":"article","og_title":"Simposios - Organistrum","og_description":"Simposios Invit\u00e1moste a co\u00f1ecer os diferentes Simposios que, dende o Grupo Organistrum, vimos realizando ao longo destes anos, as\u00ed como as publicaci\u00f3ns dos seus membros, alg\u00fans das cales poden ser descargadas dende a web.","og_url":"https:\/\/grupo-organistrum.com\/gl\/simposios\/","og_site_name":"Organistrum","article_modified_time":"2022-06-13T11:31:32+00:00","twitter_card":"summary_large_image","schema":{"@context":"https:\/\/schema.org","@graph":[{"@type":"WebPage","@id":"https:\/\/grupo-organistrum.com\/gl\/simposios\/","url":"https:\/\/grupo-organistrum.com\/gl\/simposios\/","name":"Simposios - Organistrum","isPartOf":{"@id":"https:\/\/grupo-organistrum.com\/gl\/#website"},"datePublished":"2022-03-21T14:29:34+00:00","dateModified":"2022-06-13T11:31:32+00:00","breadcrumb":{"@id":"https:\/\/grupo-organistrum.com\/gl\/simposios\/#breadcrumb"},"inLanguage":"gl-ES","potentialAction":[{"@type":"ReadAction","target":["https:\/\/grupo-organistrum.com\/gl\/simposios\/"]}]},{"@type":"BreadcrumbList","@id":"https:\/\/grupo-organistrum.com\/gl\/simposios\/#breadcrumb","itemListElement":[{"@type":"ListItem","position":1,"name":"Portada","item":"https:\/\/grupo-organistrum.com\/gl\/"},{"@type":"ListItem","position":2,"name":"Simposios"}]},{"@type":"WebSite","@id":"https:\/\/grupo-organistrum.com\/gl\/#website","url":"https:\/\/grupo-organistrum.com\/gl\/","name":"Organistrum","description":"Grupo de Investigaci\u00f3n","publisher":{"@id":"https:\/\/grupo-organistrum.com\/gl\/#organization"},"potentialAction":[{"@type":"SearchAction","target":{"@type":"EntryPoint","urlTemplate":"https:\/\/grupo-organistrum.com\/gl\/?s={search_term_string}"},"query-input":{"@type":"PropertyValueSpecification","valueRequired":true,"valueName":"search_term_string"}}],"inLanguage":"gl-ES"},{"@type":"Organization","@id":"https:\/\/grupo-organistrum.com\/gl\/#organization","name":"Grupo Organistrum | Grupo de investigaci\u00f3n | GI-2025","url":"https:\/\/grupo-organistrum.com\/gl\/","logo":{"@type":"ImageObject","inLanguage":"gl-ES","@id":"https:\/\/grupo-organistrum.com\/gl\/#\/schema\/logo\/image\/","url":"https:\/\/grupo-organistrum.com\/wp-content\/uploads\/2022\/02\/logo.png","contentUrl":"https:\/\/grupo-organistrum.com\/wp-content\/uploads\/2022\/02\/logo.png","width":464,"height":103,"caption":"Grupo Organistrum | Grupo de investigaci\u00f3n | GI-2025"},"image":{"@id":"https:\/\/grupo-organistrum.com\/gl\/#\/schema\/logo\/image\/"}}]}},"_links":{"self":[{"href":"https:\/\/grupo-organistrum.com\/gl\/wp-json\/wp\/v2\/pages\/3218","targetHints":{"allow":["GET"]}}],"collection":[{"href":"https:\/\/grupo-organistrum.com\/gl\/wp-json\/wp\/v2\/pages"}],"about":[{"href":"https:\/\/grupo-organistrum.com\/gl\/wp-json\/wp\/v2\/types\/page"}],"author":[{"embeddable":true,"href":"https:\/\/grupo-organistrum.com\/gl\/wp-json\/wp\/v2\/users\/1"}],"replies":[{"embeddable":true,"href":"https:\/\/grupo-organistrum.com\/gl\/wp-json\/wp\/v2\/comments?post=3218"}],"version-history":[{"count":0,"href":"https:\/\/grupo-organistrum.com\/gl\/wp-json\/wp\/v2\/pages\/3218\/revisions"}],"wp:attachment":[{"href":"https:\/\/grupo-organistrum.com\/gl\/wp-json\/wp\/v2\/media?parent=3218"}],"curies":[{"name":"wp","href":"https:\/\/api.w.org\/{rel}","templated":true}]}}